{"id":892,"date":"2019-05-08T21:52:15","date_gmt":"2019-05-08T19:52:15","guid":{"rendered":"http:\/\/www.echir.fr\/echir0\/wordpress\/?page_id=892"},"modified":"2019-06-29T15:40:09","modified_gmt":"2019-06-29T13:40:09","slug":"aide","status":"publish","type":"page","link":"https:\/\/www.echir.fr\/wp\/aide\/","title":{"rendered":"Aide"},"content":{"rendered":"<p>&nbsp;<\/p>\r\n\r\n<p>Tout ce qu&rsquo;il faut savoir pour g\u00e9rer, naviguer et contribuer.<\/p>\r\n<ul>\r\n<li style=\"text-align: center;\"><a href=\"https:\/\/www.echir.fr\/wp\/index.php\/aide\/gerer\/\" target=\"_blank\" rel=\"noopener noreferrer\">G\u00e9rer<\/a><\/li>\r\n<li style=\"text-align: center;\"><a href=\"https:\/\/www.echir.fr\/wp\/index.php\/aide\/naviguer\/\" target=\"_blank\" rel=\"noopener noreferrer\">Naviguer<\/a><\/li>\r\n<li style=\"text-align: center;\"><a href=\"https:\/\/www.echir.fr\/wp\/index.php\/aide\/visionner-les-photos\/\" target=\"_blank\" rel=\"noopener noreferrer\">Visionner les photos<\/a><\/li>\r\n<li style=\"text-align: center;\"><a href=\"https:\/\/www.echir.fr\/wp\/index.php\/aide\/contribuer\/\" target=\"_blank\" rel=\"noopener noreferrer\">Contribuer<\/a><\/li>\r\n<li style=\"text-align: center;\"><a href=\"https:\/\/www.echir.fr\/wp\/index.php\/aide\/creer-et-gerer-une-galerie\/\" target=\"_blank\" rel=\"noopener noreferrer\">Cr\u00e9er et g\u00e9rer une galerie<\/a><\/li>\r\n<\/ul>\r\n","protected":false},"excerpt":{"rendered":"<p>&nbsp; Tout ce qu&rsquo;il faut savoir pour g\u00e9rer, naviguer et contribuer. G\u00e9rer Naviguer Visionner les photos Contribuer Cr\u00e9er et g\u00e9rer une galerie<\/p>\n","protected":false},"author":1,"featured_media":0,"parent":0,"menu_order":0,"comment_status":"closed","ping_status":"closed","template":"","meta":{"ngg_post_thumbnail":0,"footnotes":""},"class_list":["post-892","page","type-page","status-publish","hentry"],"_links":{"self":[{"href":"https:\/\/www.echir.fr\/wp\/wp-json\/wp\/v2\/pages\/892","targetHints":{"allow":["GET"]}}],"collection":[{"href":"https:\/\/www.echir.fr\/wp\/wp-json\/wp\/v2\/pages"}],"about":[{"href":"https:\/\/www.echir.fr\/wp\/wp-json\/wp\/v2\/types\/page"}],"author":[{"embeddable":true,"href":"https:\/\/www.echir.fr\/wp\/wp-json\/wp\/v2\/users\/1"}],"replies":[{"embeddable":true,"href":"https:\/\/www.echir.fr\/wp\/wp-json\/wp\/v2\/comments?post=892"}],"version-history":[{"count":6,"href":"https:\/\/www.echir.fr\/wp\/wp-json\/wp\/v2\/pages\/892\/revisions"}],"predecessor-version":[{"id":1579,"href":"https:\/\/www.echir.fr\/wp\/wp-json\/wp\/v2\/pages\/892\/revisions\/1579"}],"wp:attachment":[{"href":"https:\/\/www.echir.fr\/wp\/wp-json\/wp\/v2\/media?parent=892"}],"curies":[{"name":"wp","href":"https:\/\/api.w.org\/{rel}","templated":true}]}}