{"id":6100,"date":"2022-01-08T15:55:19","date_gmt":"2022-01-08T14:55:19","guid":{"rendered":"https:\/\/www.echir.fr\/wp\/?page_id=6100"},"modified":"2022-01-30T19:10:28","modified_gmt":"2022-01-30T18:10:28","slug":"album-2022-janvier","status":"publish","type":"page","link":"https:\/\/www.echir.fr\/wp\/2022-albums-2022\/album-2022-janvier\/","title":{"rendered":"Album 2022 Janvier"},"content":{"rendered":"<p>Un mois caract\u00e9ris\u00e9 par beaucoup de brouillard ou de ciel bas \u00e0 La Roche-Blanche alors que le temps est magnifique en montagne. Deux sorties photographi\u00e9es du cot\u00e9 d&rsquo;Aydat et du Puy de la Vache.<br \/>\nngg_shortcode_0_placeholder<\/p>\n","protected":false},"excerpt":{"rendered":"<p>Un mois caract\u00e9ris\u00e9 par beaucoup de brouillard ou de ciel bas \u00e0 La Roche-Blanche alors que le temps est magnifique en montagne. Deux sorties photographi\u00e9es du cot\u00e9 d&rsquo;Aydat et du Puy de la Vache.<\/p>\n","protected":false},"author":2,"featured_media":0,"parent":6097,"menu_order":0,"comment_status":"closed","ping_status":"closed","template":"","meta":{"ngg_post_thumbnail":0,"footnotes":""},"class_list":["post-6100","page","type-page","status-publish","hentry"],"_links":{"self":[{"href":"https:\/\/www.echir.fr\/wp\/wp-json\/wp\/v2\/pages\/6100","targetHints":{"allow":["GET"]}}],"collection":[{"href":"https:\/\/www.echir.fr\/wp\/wp-json\/wp\/v2\/pages"}],"about":[{"href":"https:\/\/www.echir.fr\/wp\/wp-json\/wp\/v2\/types\/page"}],"author":[{"embeddable":true,"href":"https:\/\/www.echir.fr\/wp\/wp-json\/wp\/v2\/users\/2"}],"replies":[{"embeddable":true,"href":"https:\/\/www.echir.fr\/wp\/wp-json\/wp\/v2\/comments?post=6100"}],"version-history":[{"count":3,"href":"https:\/\/www.echir.fr\/wp\/wp-json\/wp\/v2\/pages\/6100\/revisions"}],"predecessor-version":[{"id":6199,"href":"https:\/\/www.echir.fr\/wp\/wp-json\/wp\/v2\/pages\/6100\/revisions\/6199"}],"up":[{"embeddable":true,"href":"https:\/\/www.echir.fr\/wp\/wp-json\/wp\/v2\/pages\/6097"}],"wp:attachment":[{"href":"https:\/\/www.echir.fr\/wp\/wp-json\/wp\/v2\/media?parent=6100"}],"curies":[{"name":"wp","href":"https:\/\/api.w.org\/{rel}","templated":true}]}}